{"id":150,"date":"2025-03-21T12:49:05","date_gmt":"2025-03-21T11:49:05","guid":{"rendered":"https:\/\/biennaledephotographie.be\/catering\/"},"modified":"2025-07-15T13:47:41","modified_gmt":"2025-07-15T11:47:41","slug":"catering","status":"publish","type":"page","link":"https:\/\/biennaledephotographie.be\/nl\/catering\/","title":{"rendered":"Catering"},"content":{"rendered":"<p><img loading=\"lazy\" decoding=\"async\" class=\"alignnone size-full wp-image-490\" src=\"https:\/\/biennaledephotographie.be\/wp-content\/uploads\/2025\/05\/logo-foot.png\" alt=\"\" width=\"186\" height=\"42\" \/><\/p>\n<p><span style=\"color: #00a538;\">2\/08<\/span> van 12u tot 20u &#8211; \u00a0<span style=\"color: #00a538;\">le 3\/03<\/span> van 12u tot 14u<\/p>\n<p>Al onze recepten worden vanaf nul gemaakt in onze mobiele pizzeria met verse kwaliteitsproducten, bij voorkeur lokaal indien mogelijk, afhankelijk van het seizoen.<\/p>\n<p>&nbsp;<\/p>\n<p><img loading=\"lazy\" decoding=\"async\" class=\"alignnone size-medium wp-image-483\" src=\"https:\/\/biennaledephotographie.be\/wp-content\/uploads\/2025\/05\/logotype_78354ce740e44fc59ba1cbcee7c512c4-300x57.jpg\" alt=\"\" width=\"300\" height=\"57\" srcset=\"https:\/\/biennaledephotographie.be\/wp-content\/uploads\/2025\/05\/logotype_78354ce740e44fc59ba1cbcee7c512c4-300x57.jpg 300w, https:\/\/biennaledephotographie.be\/wp-content\/uploads\/2025\/05\/logotype_78354ce740e44fc59ba1cbcee7c512c4-1024x195.jpg 1024w, https:\/\/biennaledephotographie.be\/wp-content\/uploads\/2025\/05\/logotype_78354ce740e44fc59ba1cbcee7c512c4-768x147.jpg 768w, https:\/\/biennaledephotographie.be\/wp-content\/uploads\/2025\/05\/logotype_78354ce740e44fc59ba1cbcee7c512c4-1536x293.jpg 1536w, https:\/\/biennaledephotographie.be\/wp-content\/uploads\/2025\/05\/logotype_78354ce740e44fc59ba1cbcee7c512c4-2048x391.jpg 2048w\" sizes=\"auto, (max-width: 300px) 100vw, 300px\" \/><\/p>\n<p><span style=\"color: #00a538;\">9\/08 <\/span>van 12u tot 20u &#8211; \u00a0<span style=\"color: #00a538;\">10-15-16-17\/08 <\/span>van 12u tot 14u<\/p>\n<p>Samen met Feu Ardent verwent Max je met zijn Slow Street Food! Op het menu: heerlijke gerechten, bereid met lokale producten die zorgvuldig werden uitgekozen bij producenten met een hart voor dieren en voor de natuur. En dit in een ongedwongen en gezellige sfeer, zonder gedoe, maar met veel smaak!<\/p>\n<p><em><strong>in samenwerking met Feu Ardent :<\/strong><\/em><\/p>\n<p><img loading=\"lazy\" decoding=\"async\" class=\"wp-image-488 alignnone\" src=\"https:\/\/biennaledephotographie.be\/wp-content\/uploads\/2025\/05\/Capture-decran-2025-05-26-a-11.06.16-300x266.png\" alt=\"\" width=\"237\" height=\"210\" srcset=\"https:\/\/biennaledephotographie.be\/wp-content\/uploads\/2025\/05\/Capture-decran-2025-05-26-a-11.06.16-300x266.png 300w, https:\/\/biennaledephotographie.be\/wp-content\/uploads\/2025\/05\/Capture-decran-2025-05-26-a-11.06.16.png 674w\" sizes=\"auto, (max-width: 237px) 100vw, 237px\" \/><\/p>\n<p>Bij Jonathan kun je terecht voor uitzonderlijke street food: op houtvuur bereide en langzaam gerookte forel, wat garant staat voor een unieke smaak.<\/p>\n<p><img loading=\"lazy\" decoding=\"async\" class=\"alignnone size-medium wp-image-494\" src=\"https:\/\/biennaledephotographie.be\/wp-content\/uploads\/2025\/05\/o-bocal-verre-300x281.png\" alt=\"\" width=\"300\" height=\"281\" srcset=\"https:\/\/biennaledephotographie.be\/wp-content\/uploads\/2025\/05\/o-bocal-verre-300x281.png 300w, https:\/\/biennaledephotographie.be\/wp-content\/uploads\/2025\/05\/o-bocal-verre-1024x959.png 1024w, https:\/\/biennaledephotographie.be\/wp-content\/uploads\/2025\/05\/o-bocal-verre-768x719.png 768w, https:\/\/biennaledephotographie.be\/wp-content\/uploads\/2025\/05\/o-bocal-verre-1536x1439.png 1536w, https:\/\/biennaledephotographie.be\/wp-content\/uploads\/2025\/05\/o-bocal-verre.png 1876w\" sizes=\"auto, (max-width: 300px) 100vw, 300px\" \/><\/p>\n<p><span style=\"color: #00a538;\">23\/08<\/span>\u00a0van 12u tot 14u &#8211; <span style=\"color: #00a538;\">\u00a024\/08<\/span> van 12u tot 21u<\/p>\n<p>Voor de bi\u00ebnnale van de fotografie biedt \u00d4 bocal verre een optie voor onderweg. Het traiteur-restaurant \u00d4 bocal verre ligt in het hart van het dorp Ocquier en biedt een lokale, biologische en verantwoorde keuken met lokale producten.<\/p>\n","protected":false},"excerpt":{"rendered":"<p>2\/08 van 12u tot 20u &#8211; \u00a0le 3\/03 van 12u tot 14u Al onze recepten worden vanaf nul gemaakt in\u2026<\/p>\n","protected":false},"author":1,"featured_media":0,"parent":0,"menu_order":0,"comment_status":"closed","ping_status":"closed","template":"","meta":{"_acf_changed":false,"footnotes":""},"class_list":["post-150","page","type-page","status-publish","hentry"],"acf":[],"yoast_head":"<!-- This site is optimized with the Yoast SEO plugin v27.3 - https:\/\/yoast.com\/product\/yoast-seo-wordpress\/ -->\n<title>Catering - Biennale de photographie en Condroz<\/title>\n<meta name=\"robots\" content=\"index, follow, max-snippet:-1, max-image-preview:large, max-video-preview:-1\" \/>\n<link rel=\"canonical\" href=\"https:\/\/biennaledephotographie.be\/nl\/catering\/\" \/>\n<meta property=\"og:locale\" content=\"nl_NL\" \/>\n<meta property=\"og:type\" content=\"article\" \/>\n<meta property=\"og:title\" content=\"Catering - Biennale de photographie en Condroz\" \/>\n<meta property=\"og:description\" content=\"2\/08 van 12u tot 20u &#8211; \u00a0le 3\/03 van 12u tot 14u Al onze recepten worden vanaf nul gemaakt in\u2026\" \/>\n<meta property=\"og:url\" content=\"https:\/\/biennaledephotographie.be\/nl\/catering\/\" \/>\n<meta property=\"og:site_name\" content=\"Biennale de photographie en Condroz\" \/>\n<meta property=\"article:publisher\" content=\"https:\/\/www.facebook.com\/biennaledephotographieencondroz\" \/>\n<meta property=\"article:modified_time\" content=\"2025-07-15T11:47:41+00:00\" \/>\n<meta property=\"og:image\" content=\"https:\/\/biennaledephotographie.be\/wp-content\/uploads\/2025\/05\/logo-foot.png\" \/>\n\t<meta property=\"og:image:width\" content=\"186\" \/>\n\t<meta property=\"og:image:height\" content=\"42\" \/>\n\t<meta property=\"og:image:type\" content=\"image\/png\" \/>\n<meta name=\"twitter:card\" content=\"summary_large_image\" \/>\n<meta name=\"twitter:label1\" content=\"Geschatte leestijd\" \/>\n\t<meta name=\"twitter:data1\" content=\"2 minuten\" \/>\n<!-- \/ Yoast SEO plugin. -->","yoast_head_json":{"title":"Catering - Biennale de photographie en Condroz","robots":{"index":"index","follow":"follow","max-snippet":"max-snippet:-1","max-image-preview":"max-image-preview:large","max-video-preview":"max-video-preview:-1"},"canonical":"https:\/\/biennaledephotographie.be\/nl\/catering\/","og_locale":"nl_NL","og_type":"article","og_title":"Catering - Biennale de photographie en Condroz","og_description":"2\/08 van 12u tot 20u &#8211; \u00a0le 3\/03 van 12u tot 14u Al onze recepten worden vanaf nul gemaakt in\u2026","og_url":"https:\/\/biennaledephotographie.be\/nl\/catering\/","og_site_name":"Biennale de photographie en Condroz","article_publisher":"https:\/\/www.facebook.com\/biennaledephotographieencondroz","article_modified_time":"2025-07-15T11:47:41+00:00","og_image":[{"width":186,"height":42,"url":"https:\/\/biennaledephotographie.be\/wp-content\/uploads\/2025\/05\/logo-foot.png","type":"image\/png"}],"twitter_card":"summary_large_image","twitter_misc":{"Geschatte leestijd":"2 minuten"},"schema":{"@context":"https:\/\/schema.org","@graph":[{"@type":"WebPage","@id":"https:\/\/biennaledephotographie.be\/nl\/catering\/","url":"https:\/\/biennaledephotographie.be\/nl\/catering\/","name":"Catering - Biennale de photographie en Condroz","isPartOf":{"@id":"https:\/\/biennaledephotographie.be\/nl\/#website"},"primaryImageOfPage":{"@id":"https:\/\/biennaledephotographie.be\/nl\/catering\/#primaryimage"},"image":{"@id":"https:\/\/biennaledephotographie.be\/nl\/catering\/#primaryimage"},"thumbnailUrl":"https:\/\/biennaledephotographie.be\/wp-content\/uploads\/2025\/05\/logo-foot.png","datePublished":"2025-03-21T11:49:05+00:00","dateModified":"2025-07-15T11:47:41+00:00","breadcrumb":{"@id":"https:\/\/biennaledephotographie.be\/nl\/catering\/#breadcrumb"},"inLanguage":"nl-NL","potentialAction":[{"@type":"ReadAction","target":["https:\/\/biennaledephotographie.be\/nl\/catering\/"]}]},{"@type":"ImageObject","inLanguage":"nl-NL","@id":"https:\/\/biennaledephotographie.be\/nl\/catering\/#primaryimage","url":"https:\/\/biennaledephotographie.be\/wp-content\/uploads\/2025\/05\/logo-foot.png","contentUrl":"https:\/\/biennaledephotographie.be\/wp-content\/uploads\/2025\/05\/logo-foot.png"},{"@type":"BreadcrumbList","@id":"https:\/\/biennaledephotographie.be\/nl\/catering\/#breadcrumb","itemListElement":[{"@type":"ListItem","position":1,"name":"Accueil","item":"https:\/\/biennaledephotographie.be\/nl\/"},{"@type":"ListItem","position":2,"name":"Catering"}]},{"@type":"WebSite","@id":"https:\/\/biennaledephotographie.be\/nl\/#website","url":"https:\/\/biennaledephotographie.be\/nl\/","name":"Biennale de photographie en Condroz","description":"","potentialAction":[{"@type":"SearchAction","target":{"@type":"EntryPoint","urlTemplate":"https:\/\/biennaledephotographie.be\/nl\/?s={search_term_string}"},"query-input":{"@type":"PropertyValueSpecification","valueRequired":true,"valueName":"search_term_string"}}],"inLanguage":"nl-NL"}]}},"_links":{"self":[{"href":"https:\/\/biennaledephotographie.be\/nl\/wp-json\/wp\/v2\/pages\/150","targetHints":{"allow":["GET"]}}],"collection":[{"href":"https:\/\/biennaledephotographie.be\/nl\/wp-json\/wp\/v2\/pages"}],"about":[{"href":"https:\/\/biennaledephotographie.be\/nl\/wp-json\/wp\/v2\/types\/page"}],"author":[{"embeddable":true,"href":"https:\/\/biennaledephotographie.be\/nl\/wp-json\/wp\/v2\/users\/1"}],"replies":[{"embeddable":true,"href":"https:\/\/biennaledephotographie.be\/nl\/wp-json\/wp\/v2\/comments?post=150"}],"version-history":[{"count":4,"href":"https:\/\/biennaledephotographie.be\/nl\/wp-json\/wp\/v2\/pages\/150\/revisions"}],"predecessor-version":[{"id":822,"href":"https:\/\/biennaledephotographie.be\/nl\/wp-json\/wp\/v2\/pages\/150\/revisions\/822"}],"wp:attachment":[{"href":"https:\/\/biennaledephotographie.be\/nl\/wp-json\/wp\/v2\/media?parent=150"}],"curies":[{"name":"wp","href":"https:\/\/api.w.org\/{rel}","templated":true}]}}